{"id":103,"date":"2023-05-31T09:47:04","date_gmt":"2023-05-31T07:47:04","guid":{"rendered":"http:\/\/www.greenagro.nl\/hakkimizda\/"},"modified":"2023-06-01T09:26:43","modified_gmt":"2023-06-01T07:26:43","slug":"hakkimizda","status":"publish","type":"page","link":"https:\/\/www.greenagro.nl\/tr\/hakkimizda\/","title":{"rendered":"Hakk\u0131m\u0131zda"},"content":{"rendered":"\n<p>GreenAgro olarak, g\u00f6rd\u00fc\u011f\u00fcn\u00fcz \u015feyi elde edece\u011finize inan\u0131yoruz. Esnek ve m\u00fc\u015fteri odakl\u0131 bir organizasyon olan GreenAgro, konusunda uzmanla\u015fm\u0131\u015f bir ekip taraf\u0131ndan y\u00f6netilmektedir.<\/p>\n\n\n\n<p>Sera in\u015fas\u0131 konusundaki ki\u015fisel yakla\u015f\u0131m\u0131m\u0131z e\u015fsizdir. Her t\u00fcrl\u00fc karma\u015f\u0131kl\u0131k ve \u00f6l\u00e7ekte &#8220;anahtar teslim&#8221; projeler ger\u00e7ekle\u015ftiriyoruz. GreenAgro Projects B.V., farkl\u0131 iklim b\u00f6lgelerinde bulunan sera in\u015faat\u0131nda geni\u015f deneyime sahip, y\u00fcksek nitelikli profesyonellerle \u00e7al\u0131\u015fmaktad\u0131r. Tasar\u0131m, malzeme ve ekipman temini, in\u015faat \u00e7al\u0131\u015fmalar\u0131 ve seralarda \u00e7e\u015fitli \u00fcr\u00fcnlerin end\u00fcstriyel yeti\u015ftirilmesi i\u00e7in \u00fcretim hatlar\u0131n\u0131n devreye al\u0131nmas\u0131 dahil, sera projelerinin t\u00fcm y\u00f6nlerini ger\u00e7ekle\u015ftirmekte uzmanla\u015fm\u0131\u015f\u0131z.Geni\u015f deneyim yelpazemiz, uzun vadeli ba\u015far\u0131n\u0131z\u0131 garanti alt\u0131na al\u0131r ve sera end\u00fcstrisinde lider olman\u0131za olanak tan\u0131r.<\/p>\n\n\n\n<p>Teknolojideki ilerlemeler do\u011frultusunda, sera projelerimize en son Nesnelerin \u0130nterneti (IoT) ve Yapay Zeka (AI) \u00e7\u00f6z\u00fcmlerini entegre ediyoruz. Bu yenilik\u00e7i teknolojiler, kaynak y\u00f6netimini optimize eder, s\u00fcre\u00e7leri otomatikle\u015ftirir ve karar verme yeteneklerini geli\u015ftirir, sonu\u00e7 olarak \u00fcretkenlik ve verimlilik art\u0131\u015f\u0131 sa\u011flar. IoT ve AI&#8217;n\u0131n g\u00fcc\u00fcnden yararlanarak, sera operasyonlar\u0131n\u0131z\u0131n verimlilik ve s\u00fcrd\u00fcr\u00fclebilirlik a\u00e7\u0131s\u0131ndan \u00f6nc\u00fc olmas\u0131n\u0131 sa\u011fl\u0131yoruz.<\/p>\n\n\n\n<p>Geni\u015f deneyimimiz ve kapsaml\u0131 yakla\u015f\u0131m\u0131m\u0131zla, uzun vadeli ba\u015far\u0131n\u0131z\u0131 g\u00fcvence alt\u0131na alacak ve sera end\u00fcstrisinde \u00f6nc\u00fc konumuna y\u00fckselmenizi sa\u011flayaca\u011f\u0131m\u0131za inan\u0131yoruz.<\/p>\n\n\n\n<p><\/p>\n","protected":false},"excerpt":{"rendered":"<p>GreenAgro olarak, g\u00f6rd\u00fc\u011f\u00fcn\u00fcz \u015feyi elde edece\u011finize inan\u0131yoruz. Esnek ve m\u00fc\u015fteri odakl\u0131 bir organizasyon olan GreenAgro, konusunda uzmanla\u015fm\u0131\u015f bir ekip taraf\u0131ndan y\u00f6netilmektedir. Sera in\u015fas\u0131 konusundaki ki\u015fisel yakla\u015f\u0131m\u0131m\u0131z e\u015fsizdir. Her t\u00fcrl\u00fc karma\u015f\u0131kl\u0131k ve \u00f6l\u00e7ekte &#8220;anahtar teslim&#8221; projeler ger\u00e7ekle\u015ftiriyoruz. GreenAgro Projects B.V., farkl\u0131 iklim b\u00f6lgelerinde bulunan sera in\u015faat\u0131nda geni\u015f deneyime sahip, y\u00fcksek nitelikli profesyonellerle \u00e7al\u0131\u015fmaktad\u0131r. Tasar\u0131m, malzeme ve ekipman temini, in\u015faat \u00e7al\u0131\u015fmalar\u0131 ve seralarda \u00e7e\u015fitli \u00fcr\u00fcnlerin end\u00fcstriyel yeti\u015ftirilmesi i\u00e7in \u00fcretim hatlar\u0131n\u0131n devreye al\u0131nmas\u0131 dahil, sera projelerinin t\u00fcm y\u00f6nlerini ger\u00e7ekle\u015ftirmekte uzmanla\u015fm\u0131\u015f\u0131z.Geni\u015f deneyim yelpazemiz, uzun vadeli ba\u015far\u0131n\u0131z\u0131 garanti alt\u0131na al\u0131r ve sera end\u00fcstrisinde lider olman\u0131za olanak tan\u0131r. Teknolojideki ilerlemeler do\u011frultusunda, sera projelerimize en son Nesnelerin \u0130nterneti (IoT) ve Yapay Zeka (AI) \u00e7\u00f6z\u00fcmlerini entegre ediyoruz. Bu yenilik\u00e7i teknolojiler, kaynak y\u00f6netimini optimize eder, s\u00fcre\u00e7leri otomatikle\u015ftirir ve karar verme yeteneklerini geli\u015ftirir, sonu\u00e7 olarak \u00fcretkenlik ve verimlilik art\u0131\u015f\u0131 sa\u011flar. IoT ve AI&#8217;n\u0131n g\u00fcc\u00fcnden yararlanarak, sera operasyonlar\u0131n\u0131z\u0131n verimlilik ve s\u00fcrd\u00fcr\u00fclebilirlik a\u00e7\u0131s\u0131ndan \u00f6nc\u00fc olmas\u0131n\u0131 sa\u011fl\u0131yoruz. Geni\u015f deneyimimiz ve kapsaml\u0131 yakla\u015f\u0131m\u0131m\u0131zla, uzun<\/p>\n","protected":false},"author":1,"featured_media":53,"parent":0,"menu_order":0,"comment_status":"closed","ping_status":"closed","template":"","meta":{"footnotes":""},"class_list":["post-103","page","type-page","status-publish","has-post-thumbnail"],"_links":{"self":[{"href":"https:\/\/www.greenagro.nl\/tr\/wp-json\/wp\/v2\/pages\/103","targetHints":{"allow":["GET"]}}],"collection":[{"href":"https:\/\/www.greenagro.nl\/tr\/wp-json\/wp\/v2\/pages"}],"about":[{"href":"https:\/\/www.greenagro.nl\/tr\/wp-json\/wp\/v2\/types\/page"}],"author":[{"embeddable":true,"href":"https:\/\/www.greenagro.nl\/tr\/wp-json\/wp\/v2\/users\/1"}],"replies":[{"embeddable":true,"href":"https:\/\/www.greenagro.nl\/tr\/wp-json\/wp\/v2\/comments?post=103"}],"version-history":[{"count":3,"href":"https:\/\/www.greenagro.nl\/tr\/wp-json\/wp\/v2\/pages\/103\/revisions"}],"predecessor-version":[{"id":294,"href":"https:\/\/www.greenagro.nl\/tr\/wp-json\/wp\/v2\/pages\/103\/revisions\/294"}],"wp:featuredmedia":[{"embeddable":true,"href":"https:\/\/www.greenagro.nl\/tr\/wp-json\/wp\/v2\/media\/53"}],"wp:attachment":[{"href":"https:\/\/www.greenagro.nl\/tr\/wp-json\/wp\/v2\/media?parent=103"}],"curies":[{"name":"wp","href":"https:\/\/api.w.org\/{rel}","templated":true}]}}