{"id":292,"date":"2023-05-31T16:25:14","date_gmt":"2023-05-31T14:25:14","guid":{"rendered":"http:\/\/www.greenagro.nl\/uzmanlik-alanlarimiz\/"},"modified":"2023-06-07T09:50:34","modified_gmt":"2023-06-07T07:50:34","slug":"uzmanlik-alanlarimiz","status":"publish","type":"page","link":"https:\/\/www.greenagro.nl\/tr\/","title":{"rendered":"Uzmanl\u0131k Alanlar\u0131m\u0131z"},"content":{"rendered":"\n<p><\/p>\n\n\n\n<h2 class=\"wp-block-heading has-text-align-center\">GREENAGRO &#8211; HQ Hollandal\u0131 Serac\u0131lar<\/h2>\n\n\n\n<h2 class=\"wp-block-heading has-text-align-center\">Seralar\u0131 Ger\u00e7ekle\u015ftirmeniz \u0130\u00e7in En \u0130yi Ortak<\/h2>\n\n\n\n<div class=\"wp-block-columns is-layout-flex wp-container-core-columns-is-layout-9d6595d7 wp-block-columns-is-layout-flex\">\n<div class=\"wp-block-column is-layout-flow wp-block-column-is-layout-flow\" style=\"flex-basis:100%\">\n<p>Teknik, finansal, IoT ve AI uzmanl\u0131\u011f\u0131n\u0131 birle\u015ftirerek, s\u00fcrd\u00fcr\u00fclebilirlik ve verimlilik sa\u011flayan en son teknolojiye sahip sera projeleri sunuyoruz. Birlikte daha ye\u015fil bir gelecek yeti\u015ftirelim.<\/p>\n<\/div>\n<\/div>\n\n\n\n<figure class=\"wp-block-image size-full\"><img loading=\"lazy\" decoding=\"async\" width=\"930\" height=\"280\" src=\"https:\/\/www.greenagro.nl\/wp-content\/uploads\/2023\/05\/header_technical_and_financial_analysis.jpg\" alt=\"\" class=\"wp-image-210\" srcset=\"https:\/\/www.greenagro.nl\/wp-content\/uploads\/2023\/05\/header_technical_and_financial_analysis.jpg 930w, https:\/\/www.greenagro.nl\/wp-content\/uploads\/2023\/05\/header_technical_and_financial_analysis-300x90.jpg 300w, https:\/\/www.greenagro.nl\/wp-content\/uploads\/2023\/05\/header_technical_and_financial_analysis-768x231.jpg 768w\" sizes=\"auto, (max-width: 930px) 100vw, 930px\" \/><\/figure>\n\n\n\n<h2 class=\"wp-block-heading\"><br><\/h2>\n\n\n\n<p><\/p>\n\n\n\n<h2 class=\"wp-block-heading has-text-align-center\">Teknik ve Finansal Analiz:<\/h2>\n\n\n\n<p><br>Proje, kapsaml\u0131 bir teknik ve finansal analizle ba\u015flar. GREENAGRO olarak, m\u00fc\u015fterilerimizle yak\u0131n bir i\u015f birli\u011fi i\u00e7inde i\u015f plan\u0131 geli\u015ftirerek ekilecek bitki t\u00fcr\u00fcn\u00fc, sera tipini ve \u00f6l\u00e7\u00fclerini, i\u00e7 ve d\u0131\u015f altyap\u0131y\u0131, sera konumunu, enerji kaynaklar\u0131n\u0131 ve pazar ko\u015fullar\u0131n\u0131 belirleriz. M\u00fc\u015fterinin belirledi\u011fi gereksinimlere dayanarak, sera projenizin maksimum karl\u0131l\u0131k ve yat\u0131r\u0131m getirisi sa\u011flayacak en uygun teknolojik \u00e7\u00f6z\u00fcmleri belirleyip geli\u015ftiririz. Teknik ve finansal analiz, verim tahminleri ve gerekli sermaye ve i\u015fletme maliyetleri temel al\u0131narak projenin plan\u0131 olu\u015fturulur.<\/p>\n\n\n<div class=\"wp-block-image\">\n<figure class=\"alignleft size-large\"><img loading=\"lazy\" decoding=\"async\" width=\"1024\" height=\"682\" src=\"http:\/\/www.greenagro.nl\/wp-content\/uploads\/2023\/05\/greenagro-ask-the_expert-1024x682.jpg\" alt=\"\" class=\"wp-image-213\" srcset=\"https:\/\/www.greenagro.nl\/wp-content\/uploads\/2023\/05\/greenagro-ask-the_expert-1024x682.jpg 1024w, https:\/\/www.greenagro.nl\/wp-content\/uploads\/2023\/05\/greenagro-ask-the_expert-300x200.jpg 300w, https:\/\/www.greenagro.nl\/wp-content\/uploads\/2023\/05\/greenagro-ask-the_expert-768x512.jpg 768w, https:\/\/www.greenagro.nl\/wp-content\/uploads\/2023\/05\/greenagro-ask-the_expert.jpg 1280w\" sizes=\"auto, (max-width: 1024px) 100vw, 1024px\" \/><\/figure>\n<\/div>\n\n\n<h2 class=\"wp-block-heading has-text-align-center\">Tasar\u0131m ve Boyutland\u0131rma:<br><\/h2>\n\n\n\n<p><br>Geni\u015f bilgi ve deneyimle donanm\u0131\u015f olan GREENAGRO, genel tasar\u0131mc\u0131 olarak g\u00f6rev yapar. Gerekli sera ekipmanlar\u0131n\u0131n tasar\u0131m kararlar\u0131n\u0131n ve genel in\u015faat plan\u0131n\u0131n onaylanmas\u0131n\u0131n ard\u0131ndan sera m\u00fchendisli\u011fine ge\u00e7ilir. Tasar\u0131m s\u00fcreci boyunca, yap\u0131 izinlerinin al\u0131nmas\u0131 ve sera projesinin devreye al\u0131nmas\u0131 i\u00e7in gerekli t\u00fcm \u00e7izimler ve teknik belgeleri sa\u011flar\u0131z. Tasar\u0131m s\u00fcreci boyunca, yap\u0131 izinlerinin al\u0131nmas\u0131 ve sera projesinin devreye al\u0131nmas\u0131 i\u00e7in gerekli t\u00fcm \u00e7izimler ve teknik belgeleri sa\u011flar\u0131z. Tasar\u0131m s\u00fcreci \u00fc\u00e7 ana b\u00f6l\u00fcme ayr\u0131l\u0131r: sera m\u00fchendisli\u011fi, P a\u015famas\u0131 ve tamamlanan \u00e7izimler ve proje dok\u00fcmantasyonunun olu\u015fturulmas\u0131.<\/p>\n\n\n<div class=\"wp-block-image\">\n<figure class=\"alignleft size-large\"><img loading=\"lazy\" decoding=\"async\" width=\"1024\" height=\"630\" src=\"http:\/\/www.greenagro.nl\/wp-content\/uploads\/2023\/05\/greenagro-lkw_logistics-1024x630.jpg\" alt=\"\" class=\"wp-image-216\" srcset=\"https:\/\/www.greenagro.nl\/wp-content\/uploads\/2023\/05\/greenagro-lkw_logistics-1024x630.jpg 1024w, https:\/\/www.greenagro.nl\/wp-content\/uploads\/2023\/05\/greenagro-lkw_logistics-300x185.jpg 300w, https:\/\/www.greenagro.nl\/wp-content\/uploads\/2023\/05\/greenagro-lkw_logistics-768x473.jpg 768w, https:\/\/www.greenagro.nl\/wp-content\/uploads\/2023\/05\/greenagro-lkw_logistics-1536x946.jpg 1536w, https:\/\/www.greenagro.nl\/wp-content\/uploads\/2023\/05\/greenagro-lkw_logistics.jpg 1920w\" sizes=\"auto, (max-width: 1024px) 100vw, 1024px\" \/><\/figure>\n<\/div>\n\n\n<p><\/p>\n\n\n\n<h2 class=\"wp-block-heading has-text-align-center\">\u0130n\u015faat ve Devreye Alma:<br><\/h2>\n\n\n\n<p>Her sera projesi benzersizdir ve in\u015faat s\u00fcreci emek yo\u011fun ve karma\u015f\u0131k bir \u00e7al\u0131\u015fma gerektirir. GREENAGRO, modern end\u00fcstriyel seralar\u0131n in\u015fas\u0131nda s\u0131k\u0131 kalite standartlar\u0131na uyar. \u0130n\u015faat s\u00fcrecinde kalifiye personel, modern teknik ekipman, g\u00fcvenilir tedarik\u00e7iler ve yak\u0131n i\u015f birli\u011fiyle \u00f6nemli bir rol oynar\u0131z. Tedarik\u00e7ileri titizlikle se\u00e7er ve t\u00fcm malzemelerin kalite kontrol\u00fcn\u00fc ger\u00e7ekle\u015ftiririz. Genel y\u00fcklenici olarak hareket ederek in\u015faat\u0131n t\u00fcm a\u015famalar\u0131nda gereksiz endi\u015felerden m\u00fc\u015fteriyi \u00f6zg\u00fcrle\u015ftirir ve &#8220;anahtar teslim&#8221; bir sera sa\u011flar\u0131z.<\/p>\n\n\n\n<h2 class=\"wp-block-heading has-text-align-center\">Sera Y\u00f6netimi:<\/h2>\n\n\n\n<p>Entegre bir yakla\u015f\u0131mla projenizin uygulanmas\u0131 tamamland\u0131ktan sonra da i\u015f birli\u011fimizi s\u00fcrd\u00fcr\u00fcyoruz. Sera devreye al\u0131nd\u0131ktan sonra, sizinle yap\u0131lan g\u00f6r\u00fc\u015fmeler do\u011frultusunda, sera y\u00f6netimi ve\/veya tam tar\u0131msal destek sa\u011fl\u0131yoruz. Ayr\u0131ca, sera i\u00e7in garanti ve garanti sonras\u0131 bak\u0131m hizmeti sunuyoruz, b\u00f6ylece seran\u0131z\u0131n sorunsuz bir \u015fekilde \u00e7al\u0131\u015fmas\u0131n\u0131 ve uzun vadeli ba\u015far\u0131s\u0131n\u0131 sa\u011fl\u0131yoruz.<\/p>\n\n\n<div class=\"wp-block-image\">\n<figure class=\"alignleft size-large\"><img loading=\"lazy\" decoding=\"async\" width=\"1024\" height=\"683\" src=\"http:\/\/www.greenagro.nl\/wp-content\/uploads\/2023\/05\/greenagro-company-1024x683.jpg\" alt=\"\" class=\"wp-image-207\" srcset=\"https:\/\/www.greenagro.nl\/wp-content\/uploads\/2023\/05\/greenagro-company-1024x683.jpg 1024w, https:\/\/www.greenagro.nl\/wp-content\/uploads\/2023\/05\/greenagro-company-300x200.jpg 300w, https:\/\/www.greenagro.nl\/wp-content\/uploads\/2023\/05\/greenagro-company-768x512.jpg 768w, https:\/\/www.greenagro.nl\/wp-content\/uploads\/2023\/05\/greenagro-company-1536x1024.jpg 1536w, https:\/\/www.greenagro.nl\/wp-content\/uploads\/2023\/05\/greenagro-company.jpg 1920w\" sizes=\"auto, (max-width: 1024px) 100vw, 1024px\" \/><\/figure>\n<\/div>","protected":false},"excerpt":{"rendered":"<p>GREENAGRO &#8211; HQ Hollandal\u0131 Serac\u0131lar Seralar\u0131 Ger\u00e7ekle\u015ftirmeniz \u0130\u00e7in En \u0130yi Ortak Teknik, finansal, IoT ve AI uzmanl\u0131\u011f\u0131n\u0131 birle\u015ftirerek, s\u00fcrd\u00fcr\u00fclebilirlik ve verimlilik sa\u011flayan en son teknolojiye sahip sera projeleri sunuyoruz. Birlikte daha ye\u015fil bir gelecek yeti\u015ftirelim. Teknik ve Finansal Analiz: Proje, kapsaml\u0131 bir teknik ve finansal analizle ba\u015flar. GREENAGRO olarak, m\u00fc\u015fterilerimizle yak\u0131n bir i\u015f birli\u011fi i\u00e7inde i\u015f plan\u0131 geli\u015ftirerek ekilecek bitki t\u00fcr\u00fcn\u00fc, sera tipini ve \u00f6l\u00e7\u00fclerini, i\u00e7 ve d\u0131\u015f altyap\u0131y\u0131, sera konumunu, enerji kaynaklar\u0131n\u0131 ve pazar ko\u015fullar\u0131n\u0131 belirleriz. M\u00fc\u015fterinin belirledi\u011fi gereksinimlere dayanarak, sera projenizin maksimum karl\u0131l\u0131k ve yat\u0131r\u0131m getirisi sa\u011flayacak en uygun teknolojik \u00e7\u00f6z\u00fcmleri belirleyip geli\u015ftiririz. Teknik ve finansal analiz, verim tahminleri ve gerekli sermaye ve i\u015fletme maliyetleri temel al\u0131narak projenin plan\u0131 olu\u015fturulur. Tasar\u0131m ve Boyutland\u0131rma: Geni\u015f bilgi ve deneyimle donanm\u0131\u015f olan GREENAGRO, genel tasar\u0131mc\u0131 olarak g\u00f6rev yapar. Gerekli sera ekipmanlar\u0131n\u0131n tasar\u0131m kararlar\u0131n\u0131n ve genel in\u015faat plan\u0131n\u0131n onaylanmas\u0131n\u0131n ard\u0131ndan sera m\u00fchendisli\u011fine ge\u00e7ilir. Tasar\u0131m s\u00fcreci boyunca, yap\u0131 izinlerinin al\u0131nmas\u0131 ve sera projesinin<\/p>\n","protected":false},"author":1,"featured_media":0,"parent":0,"menu_order":0,"comment_status":"closed","ping_status":"closed","template":"","meta":{"footnotes":""},"class_list":["post-292","page","type-page","status-publish"],"_links":{"self":[{"href":"https:\/\/www.greenagro.nl\/tr\/wp-json\/wp\/v2\/pages\/292","targetHints":{"allow":["GET"]}}],"collection":[{"href":"https:\/\/www.greenagro.nl\/tr\/wp-json\/wp\/v2\/pages"}],"about":[{"href":"https:\/\/www.greenagro.nl\/tr\/wp-json\/wp\/v2\/types\/page"}],"author":[{"embeddable":true,"href":"https:\/\/www.greenagro.nl\/tr\/wp-json\/wp\/v2\/users\/1"}],"replies":[{"embeddable":true,"href":"https:\/\/www.greenagro.nl\/tr\/wp-json\/wp\/v2\/comments?post=292"}],"version-history":[{"count":10,"href":"https:\/\/www.greenagro.nl\/tr\/wp-json\/wp\/v2\/pages\/292\/revisions"}],"predecessor-version":[{"id":1152,"href":"https:\/\/www.greenagro.nl\/tr\/wp-json\/wp\/v2\/pages\/292\/revisions\/1152"}],"wp:attachment":[{"href":"https:\/\/www.greenagro.nl\/tr\/wp-json\/wp\/v2\/media?parent=292"}],"curies":[{"name":"wp","href":"https:\/\/api.w.org\/{rel}","templated":true}]}}